{"id":8,"date":"2026-04-13T11:56:50","date_gmt":"2026-04-13T11:56:50","guid":{"rendered":"https:\/\/www.luukasm.vlab.fi\/wordpress\/?page_id=8"},"modified":"2026-04-14T06:48:24","modified_gmt":"2026-04-14T06:48:24","slug":"abc","status":"publish","type":"page","link":"https:\/\/www.luukasm.vlab.fi\/wordpress\/index.php\/abc\/","title":{"rendered":"Alhaalla ohjeet"},"content":{"rendered":"\n<div class=\"wp-block-cover alignfull is-light has-contrast-color has-text-color has-link-color wp-elements-7b89892ebd4a8ff442aea426f414e8a0\" style=\"margin-top:0;margin-bottom:0;padding-top:var(--wp--preset--spacing--60);padding-right:var(--wp--preset--spacing--50);padding-bottom:var(--wp--preset--spacing--60);padding-left:var(--wp--preset--spacing--50)\"><span aria-hidden=\"true\" class=\"wp-block-cover__background has-base-background-color has-background-dim-100 has-background-dim\"><\/span><div class=\"wp-block-cover__inner-container has-global-padding is-layout-constrained wp-container-core-cover-is-layout-873ee6b1 wp-block-cover-is-layout-constrained\">\n<div class=\"wp-block-columns alignwide is-layout-flex wp-container-core-columns-is-layout-7ee84d44 wp-block-columns-is-layout-flex\">\n<div class=\"wp-block-column is-layout-flow wp-block-column-is-layout-flow\" style=\"flex-basis:65%\">\n<div class=\"wp-block-group is-vertical is-content-justification-stretch is-layout-flex wp-container-core-group-is-layout-353c4f5a wp-block-group-is-layout-flex\">\n<h6 class=\"wp-block-heading has-text-align-left\" style=\"font-size:clamp(1.648rem, 1.648rem + ((1vw - 0.2rem) * 1.807), 2.8rem);font-style:normal;font-weight:300;letter-spacing:-0.03em;line-height:1.4\">Olen Luukas. T\u00e4ss\u00e4 sivuni.<\/h6>\n\n\n\n<p class=\"is-style-text-subtitle is-style-text-subtitle--1\">Latasin vlabista WordPressin. Menin osoitteeseen ja sen j\u00e4lkeen laitoin osoitteen per\u00e4\u00e4n wp-admin. N\u00e4in p\u00e4\u00e4sin muokkaamaan sivua. Vastoin k\u00e4ymisi\u00e4 ei oikein koeuttu muuta kuin alkuun hieman.<\/p>\n<\/div>\n<\/div>\n<\/div>\n<\/div><\/div>\n\n\n\n<p><\/p>\n","protected":false},"excerpt":{"rendered":"","protected":false},"author":1,"featured_media":0,"parent":0,"menu_order":0,"comment_status":"closed","ping_status":"closed","template":"","meta":{"footnotes":""},"class_list":["post-8","page","type-page","status-publish","hentry"],"_links":{"self":[{"href":"https:\/\/www.luukasm.vlab.fi\/wordpress\/index.php\/wp-json\/wp\/v2\/pages\/8","targetHints":{"allow":["GET"]}}],"collection":[{"href":"https:\/\/www.luukasm.vlab.fi\/wordpress\/index.php\/wp-json\/wp\/v2\/pages"}],"about":[{"href":"https:\/\/www.luukasm.vlab.fi\/wordpress\/index.php\/wp-json\/wp\/v2\/types\/page"}],"author":[{"embeddable":true,"href":"https:\/\/www.luukasm.vlab.fi\/wordpress\/index.php\/wp-json\/wp\/v2\/users\/1"}],"replies":[{"embeddable":true,"href":"https:\/\/www.luukasm.vlab.fi\/wordpress\/index.php\/wp-json\/wp\/v2\/comments?post=8"}],"version-history":[{"count":3,"href":"https:\/\/www.luukasm.vlab.fi\/wordpress\/index.php\/wp-json\/wp\/v2\/pages\/8\/revisions"}],"predecessor-version":[{"id":11,"href":"https:\/\/www.luukasm.vlab.fi\/wordpress\/index.php\/wp-json\/wp\/v2\/pages\/8\/revisions\/11"}],"wp:attachment":[{"href":"https:\/\/www.luukasm.vlab.fi\/wordpress\/index.php\/wp-json\/wp\/v2\/media?parent=8"}],"curies":[{"name":"wp","href":"https:\/\/api.w.org\/{rel}","templated":true}]}}